{"id":31,"date":"2022-02-21T10:20:16","date_gmt":"2022-02-21T10:20:16","guid":{"rendered":"https:\/\/navbiz.hr\/?page_id=31"},"modified":"2024-01-11T14:14:48","modified_gmt":"2024-01-11T14:14:48","slug":"novosti","status":"publish","type":"page","link":"https:\/\/navbiz.hr\/en\/novosti\/","title":{"rendered":"News"},"content":{"rendered":"<div data-elementor-type=\"wp-page\" data-elementor-id=\"31\" class=\"elementor elementor-31\" data-elementor-settings=\"[]\">\n\t\t\t\t\t\t\t<div class=\"elementor-section-wrap\">\n\t\t\t\t\t\t\t<section class=\"elementor-section elementor-top-section elementor-element elementor-element-55a67cf elementor-section-boxed elementor-section-height-default elementor-section-height-default\" data-id=\"55a67cf\" data-element_type=\"section\">\n\t\t\t\t\t\t<div class=\"elementor-container elementor-column-gap-default\">\n\t\t\t\t\t<div class=\"elementor-column elementor-col-100 elementor-top-column elementor-element elementor-element-004ac60\" data-id=\"004ac60\" data-element_type=\"column\">\n\t\t\t<div class=\"elementor-widget-wrap elementor-element-populated\">\n\t\t\t\t\t\t\t\t<div class=\"elementor-element elementor-element-19b7149 elementor-widget elementor-widget-heading\" data-id=\"19b7149\" data-element_type=\"widget\" data-widget_type=\"heading.default\">\n\t\t\t\t<div class=\"elementor-widget-container\">\n\t\t\t<style>\/*! elementor - v3.5.5 - 03-02-2022 *\/\n.elementor-heading-title{padding:0;margin:0;line-height:1}.elementor-widget-heading .elementor-heading-title[class*=elementor-size-]>a{color:inherit;font-size:inherit;line-height:inherit}.elementor-widget-heading .elementor-heading-title.elementor-size-small{font-size:15px}.elementor-widget-heading .elementor-heading-title.elementor-size-medium{font-size:19px}.elementor-widget-heading .elementor-heading-title.elementor-size-large{font-size:29px}.elementor-widget-heading .elementor-heading-title.elementor-size-xl{font-size:39px}.elementor-widget-heading .elementor-heading-title.elementor-size-xxl{font-size:59px}<\/style><h1 class=\"elementor-heading-title elementor-size-default\">Latest news<\/h1>\t\t<\/div>\n\t\t\t\t<\/div>\n\t\t\t\t\t<\/div>\n\t\t<\/div>\n\t\t\t\t\t\t\t<\/div>\n\t\t<\/section>\n\t\t\t\t<section class=\"elementor-section elementor-top-section elementor-element elementor-element-c3e11cc elementor-section-boxed elementor-section-height-default elementor-section-height-default\" data-id=\"c3e11cc\" data-element_type=\"section\">\n\t\t\t\t\t\t<div class=\"elementor-container elementor-column-gap-default\">\n\t\t\t\t\t<div class=\"elementor-column elementor-col-100 elementor-top-column elementor-element elementor-element-e5368dc\" data-id=\"e5368dc\" data-element_type=\"column\">\n\t\t\t<div class=\"elementor-widget-wrap elementor-element-populated\">\n\t\t\t\t\t\t\t\t<div class=\"elementor-element elementor-element-decf8bf elementor-widget elementor-widget-heading\" data-id=\"decf8bf\" data-element_type=\"widget\" data-widget_type=\"heading.default\">\n\t\t\t\t<div class=\"elementor-widget-container\">\n\t\t\t<h2 class=\"elementor-heading-title elementor-size-default\">Stay informed about the latest news, updates and technological innovations that can improve your business.\n<\/h2>\t\t<\/div>\n\t\t\t\t<\/div>\n\t\t\t\t\t<\/div>\n\t\t<\/div>\n\t\t\t\t\t\t\t<\/div>\n\t\t<\/section>\n\t\t\t\t<section class=\"elementor-section elementor-top-section elementor-element elementor-element-7d583c3 elementor-section-boxed elementor-section-height-default elementor-section-height-default\" data-id=\"7d583c3\" data-element_type=\"section\">\n\t\t\t\t\t\t<div class=\"elementor-container elementor-column-gap-wider\">\n\t\t\t\t\t<div class=\"elementor-column elementor-col-66 elementor-top-column elementor-element elementor-element-9b66894\" data-id=\"9b66894\" data-element_type=\"column\">\n\t\t\t<div class=\"elementor-widget-wrap elementor-element-populated\">\n\t\t\t\t\t\t\t\t<div class=\"elementor-element elementor-element-1fb75df elementor-grid-1 elementor-grid-tablet-2 elementor-grid-mobile-1 elementor-posts--thumbnail-top elementor-widget elementor-widget-posts\" data-id=\"1fb75df\" data-element_type=\"widget\" data-settings=\"{&quot;classic_columns&quot;:&quot;1&quot;,&quot;classic_columns_tablet&quot;:&quot;2&quot;,&quot;classic_columns_mobile&quot;:&quot;1&quot;,&quot;classic_row_gap&quot;:{&quot;unit&quot;:&quot;px&quot;,&quot;size&quot;:35,&quot;sizes&quot;:[]},&quot;classic_row_gap_tablet&quot;:{&quot;unit&quot;:&quot;px&quot;,&quot;size&quot;:&quot;&quot;,&quot;sizes&quot;:[]},&quot;classic_row_gap_mobile&quot;:{&quot;unit&quot;:&quot;px&quot;,&quot;size&quot;:&quot;&quot;,&quot;sizes&quot;:[]}}\" data-widget_type=\"posts.classic\">\n\t\t\t\t<div class=\"elementor-widget-container\">\n\t\t\t<link rel=\"stylesheet\" href=\"https:\/\/navbiz.hr\/wp-content\/plugins\/elementor-pro\/assets\/css\/widget-posts.min.css\">\t\t<div class=\"elementor-posts-container elementor-posts elementor-posts--skin-classic elementor-grid\">\n\t\t\t\t<article class=\"elementor-post elementor-grid-item post-4404 navbiz_novosti type-navbiz_novosti status-publish has-post-thumbnail hentry\">\n\t\t\t\t<a class=\"elementor-post__thumbnail__link\" href=\"https:\/\/navbiz.hr\/en\/navbiz_novosti\/navbiz-zakljucio-jos-jednu-borbenu-crohoops-sezonu\/\" >\n\t\t\t<div class=\"elementor-post__thumbnail\"><img width=\"1064\" height=\"697\" src=\"https:\/\/navbiz.hr\/wp-content\/uploads\/2026\/04\/Nav.jpeg\" class=\"attachment-full size-full\" alt=\"NavBiz zaklju\u010dio jo\u0161 jednu borbenu Crohoops sezonu\" loading=\"lazy\" \/><\/div>\n\t\t<\/a>\n\t\t\t\t<div class=\"elementor-post__text\">\n\t\t\t\t<h3 class=\"elementor-post__title\">\n\t\t\t<a href=\"https:\/\/navbiz.hr\/en\/navbiz_novosti\/navbiz-zakljucio-jos-jednu-borbenu-crohoops-sezonu\/\" >\n\t\t\t\tNavBiz concludes another fighting Crohoops season\t\t\t<\/a>\n\t\t<\/h3>\n\t\t\t\t<div class=\"elementor-post__meta-data\">\n\t\t\t\t\t<span class=\"elementor-post-date\">\n\t\t\tApril 24, 2026\t\t<\/span>\n\t\t\t\t<\/div>\n\t\t\t\t<div class=\"elementor-post__excerpt\">\n\t\t\t<p>At NavBiz, we believe that a real team is built both on the field and in the office. This year&#039;s Crohoops season has proven that. Despite injuries and challenges,<\/p>\n\t\t<\/div>\n\t\t\t\t\t<a class=\"elementor-post__read-more\" href=\"https:\/\/navbiz.hr\/en\/navbiz_novosti\/navbiz-zakljucio-jos-jednu-borbenu-crohoops-sezonu\/\" >\n\t\t\t\tRead more\t\t\t<\/a>\n\t\t\t\t<\/div>\n\t\t\t\t<\/article>\n\t\t\t\t<\/div>\n\n\n\t\t\n\t\t\t\t<\/div>\n\t\t\t\t<\/div>\n\t\t\t\t\t<\/div>\n\t\t<\/div>\n\t\t\t\t<div class=\"elementor-column elementor-col-33 elementor-top-column elementor-element elementor-element-ed08bed\" data-id=\"ed08bed\" data-element_type=\"column\">\n\t\t\t<div class=\"elementor-widget-wrap elementor-element-populated\">\n\t\t\t\t\t\t\t\t<div class=\"elementor-element elementor-element-654a6f2 elementor-grid-1 elementor-grid-tablet-2 elementor-grid-mobile-1 elementor-posts--thumbnail-top elementor-widget elementor-widget-posts\" data-id=\"654a6f2\" data-element_type=\"widget\" data-settings=\"{&quot;classic_columns&quot;:&quot;1&quot;,&quot;classic_row_gap&quot;:{&quot;unit&quot;:&quot;px&quot;,&quot;size&quot;:22,&quot;sizes&quot;:[]},&quot;classic_row_gap_mobile&quot;:{&quot;unit&quot;:&quot;px&quot;,&quot;size&quot;:42,&quot;sizes&quot;:[]},&quot;classic_columns_tablet&quot;:&quot;2&quot;,&quot;classic_columns_mobile&quot;:&quot;1&quot;,&quot;classic_row_gap_tablet&quot;:{&quot;unit&quot;:&quot;px&quot;,&quot;size&quot;:&quot;&quot;,&quot;sizes&quot;:[]}}\" data-widget_type=\"posts.classic\">\n\t\t\t\t<div class=\"elementor-widget-container\">\n\t\t\t\t\t<div class=\"elementor-posts-container elementor-posts elementor-posts--skin-classic elementor-grid\">\n\t\t\t\t<article class=\"elementor-post elementor-grid-item post-4399 navbiz_novosti type-navbiz_novosti status-publish has-post-thumbnail hentry\">\n\t\t\t\t<a class=\"elementor-post__thumbnail__link\" href=\"https:\/\/navbiz.hr\/en\/navbiz_novosti\/sretan-uskrs-3\/\" >\n\t\t\t<div class=\"elementor-post__thumbnail\"><img width=\"1748\" height=\"1240\" src=\"https:\/\/navbiz.hr\/wp-content\/uploads\/2026\/04\/Nav-Biz-Happy-Easter-Greeting-card.png\" class=\"attachment-full size-full\" alt=\"Sretan Uskrs!\" loading=\"lazy\" \/><\/div>\n\t\t<\/a>\n\t\t\t\t<div class=\"elementor-post__text\">\n\t\t\t\t<h3 class=\"elementor-post__title\">\n\t\t\t<a href=\"https:\/\/navbiz.hr\/en\/navbiz_novosti\/sretan-uskrs-3\/\" >\n\t\t\t\tHappy Easter!\t\t\t<\/a>\n\t\t<\/h3>\n\t\t\t\t<div class=\"elementor-post__meta-data\">\n\t\t\t\t\t<span class=\"elementor-post-date\">\n\t\t\tApril 3, 2026\t\t<\/span>\n\t\t\t\t<\/div>\n\t\t\t\t\t<a class=\"elementor-post__read-more\" href=\"https:\/\/navbiz.hr\/en\/navbiz_novosti\/sretan-uskrs-3\/\" >\n\t\t\t\tRead more\t\t\t<\/a>\n\t\t\t\t<\/div>\n\t\t\t\t<\/article>\n\t\t\t\t<article class=\"elementor-post elementor-grid-item post-4381 navbiz_novosti type-navbiz_novosti status-publish has-post-thumbnail hentry\">\n\t\t\t\t<a class=\"elementor-post__thumbnail__link\" href=\"https:\/\/navbiz.hr\/en\/navbiz_novosti\/punjenje-baterija-nakon-velikih-projekata\/\" >\n\t\t\t<div class=\"elementor-post__thumbnail\"><img width=\"1530\" height=\"2040\" src=\"https:\/\/navbiz.hr\/wp-content\/uploads\/2026\/03\/IMG-20260323-WA0011.jpg\" class=\"attachment-full size-full\" alt=\"\" loading=\"lazy\" \/><\/div>\n\t\t<\/a>\n\t\t\t\t<div class=\"elementor-post__text\">\n\t\t\t\t<h3 class=\"elementor-post__title\">\n\t\t\t<a href=\"https:\/\/navbiz.hr\/en\/navbiz_novosti\/punjenje-baterija-nakon-velikih-projekata\/\" >\n\t\t\t\tRecharging batteries after big projects!\t\t\t<\/a>\n\t\t<\/h3>\n\t\t\t\t<div class=\"elementor-post__meta-data\">\n\t\t\t\t\t<span class=\"elementor-post-date\">\n\t\t\tMarch 24, 2026\t\t<\/span>\n\t\t\t\t<\/div>\n\t\t\t\t\t<a class=\"elementor-post__read-more\" href=\"https:\/\/navbiz.hr\/en\/navbiz_novosti\/punjenje-baterija-nakon-velikih-projekata\/\" >\n\t\t\t\tRead more\t\t\t<\/a>\n\t\t\t\t<\/div>\n\t\t\t\t<\/article>\n\t\t\t\t<\/div>\n\n\n\t\t\n\t\t\t\t<\/div>\n\t\t\t\t<\/div>\n\t\t\t\t\t<\/div>\n\t\t<\/div>\n\t\t\t\t\t\t\t<\/div>\n\t\t<\/section>\n\t\t\t\t<section class=\"elementor-section elementor-top-section elementor-element elementor-element-b14e86b elementor-section-boxed elementor-section-height-default elementor-section-height-default\" data-id=\"b14e86b\" data-element_type=\"section\">\n\t\t\t\t\t\t<div class=\"elementor-container elementor-column-gap-default\">\n\t\t\t\t\t<div class=\"elementor-column elementor-col-100 elementor-top-column elementor-element elementor-element-03c4985\" data-id=\"03c4985\" data-element_type=\"column\">\n\t\t\t<div class=\"elementor-widget-wrap elementor-element-populated\">\n\t\t\t\t\t\t\t\t<div class=\"elementor-element elementor-element-0ab7eb7 elementor-widget elementor-widget-heading\" data-id=\"0ab7eb7\" data-element_type=\"widget\" data-widget_type=\"heading.default\">\n\t\t\t\t<div class=\"elementor-widget-container\">\n\t\t\t<h1 class=\"elementor-heading-title elementor-size-default\">All news...<\/h1>\t\t<\/div>\n\t\t\t\t<\/div>\n\t\t\t\t\t<\/div>\n\t\t<\/div>\n\t\t\t\t\t\t\t<\/div>\n\t\t<\/section>\n\t\t\t\t<section class=\"elementor-section elementor-top-section elementor-element elementor-element-d1049c9 elementor-section-boxed elementor-section-height-default elementor-section-height-default\" data-id=\"d1049c9\" data-element_type=\"section\">\n\t\t\t\t\t\t<div class=\"elementor-container elementor-column-gap-default\">\n\t\t\t\t\t<div class=\"elementor-column elementor-col-100 elementor-top-column elementor-element elementor-element-fe6295c\" data-id=\"fe6295c\" data-element_type=\"column\">\n\t\t\t<div class=\"elementor-widget-wrap elementor-element-populated\">\n\t\t\t\t\t\t\t\t<div class=\"elementor-element elementor-element-b4638c4 elementor-grid-3 elementor-grid-tablet-2 elementor-grid-mobile-1 elementor-posts--thumbnail-top elementor-widget elementor-widget-posts\" data-id=\"b4638c4\" data-element_type=\"widget\" data-settings=\"{&quot;pagination_type&quot;:&quot;numbers&quot;,&quot;classic_row_gap&quot;:{&quot;unit&quot;:&quot;px&quot;,&quot;size&quot;:22,&quot;sizes&quot;:[]},&quot;classic_row_gap_mobile&quot;:{&quot;unit&quot;:&quot;px&quot;,&quot;size&quot;:42,&quot;sizes&quot;:[]},&quot;classic_columns&quot;:&quot;3&quot;,&quot;classic_columns_tablet&quot;:&quot;2&quot;,&quot;classic_columns_mobile&quot;:&quot;1&quot;,&quot;classic_row_gap_tablet&quot;:{&quot;unit&quot;:&quot;px&quot;,&quot;size&quot;:&quot;&quot;,&quot;sizes&quot;:[]}}\" data-widget_type=\"posts.classic\">\n\t\t\t\t<div class=\"elementor-widget-container\">\n\t\t\t\t\t<div class=\"elementor-posts-container elementor-posts elementor-posts--skin-classic elementor-grid\">\n\t\t\t\t<article class=\"elementor-post elementor-grid-item post-4404 navbiz_novosti type-navbiz_novosti status-publish has-post-thumbnail hentry\">\n\t\t\t\t<a class=\"elementor-post__thumbnail__link\" href=\"https:\/\/navbiz.hr\/en\/navbiz_novosti\/navbiz-zakljucio-jos-jednu-borbenu-crohoops-sezonu\/\" >\n\t\t\t<div class=\"elementor-post__thumbnail\"><img width=\"300\" height=\"197\" src=\"https:\/\/navbiz.hr\/wp-content\/uploads\/2026\/04\/Nav-300x197.jpeg\" class=\"attachment-medium size-medium\" alt=\"NavBiz zaklju\u010dio jo\u0161 jednu borbenu Crohoops sezonu\" loading=\"lazy\" \/><\/div>\n\t\t<\/a>\n\t\t\t\t<div class=\"elementor-post__text\">\n\t\t\t\t<h3 class=\"elementor-post__title\">\n\t\t\t<a href=\"https:\/\/navbiz.hr\/en\/navbiz_novosti\/navbiz-zakljucio-jos-jednu-borbenu-crohoops-sezonu\/\" >\n\t\t\t\tNavBiz concludes another fighting Crohoops season\t\t\t<\/a>\n\t\t<\/h3>\n\t\t\t\t<div class=\"elementor-post__meta-data\">\n\t\t\t\t\t<span class=\"elementor-post-date\">\n\t\t\tApril 24, 2026\t\t<\/span>\n\t\t\t\t<\/div>\n\t\t\t\t<div class=\"elementor-post__excerpt\">\n\t\t\t<p>At NavBiz, we believe that a real team is built both on the field and in the office. This year&#039;s Crohoops season has proven that. Despite injuries and challenges,<\/p>\n\t\t<\/div>\n\t\t\t\t\t<a class=\"elementor-post__read-more\" href=\"https:\/\/navbiz.hr\/en\/navbiz_novosti\/navbiz-zakljucio-jos-jednu-borbenu-crohoops-sezonu\/\" >\n\t\t\t\tRead more\t\t\t<\/a>\n\t\t\t\t<\/div>\n\t\t\t\t<\/article>\n\t\t\t\t<article class=\"elementor-post elementor-grid-item post-4399 navbiz_novosti type-navbiz_novosti status-publish has-post-thumbnail hentry\">\n\t\t\t\t<a class=\"elementor-post__thumbnail__link\" href=\"https:\/\/navbiz.hr\/en\/navbiz_novosti\/sretan-uskrs-3\/\" >\n\t\t\t<div class=\"elementor-post__thumbnail\"><img width=\"300\" height=\"213\" src=\"https:\/\/navbiz.hr\/wp-content\/uploads\/2026\/04\/Nav-Biz-Happy-Easter-Greeting-card-300x213.png\" class=\"attachment-medium size-medium\" alt=\"Sretan Uskrs!\" loading=\"lazy\" \/><\/div>\n\t\t<\/a>\n\t\t\t\t<div class=\"elementor-post__text\">\n\t\t\t\t<h3 class=\"elementor-post__title\">\n\t\t\t<a href=\"https:\/\/navbiz.hr\/en\/navbiz_novosti\/sretan-uskrs-3\/\" >\n\t\t\t\tHappy Easter!\t\t\t<\/a>\n\t\t<\/h3>\n\t\t\t\t<div class=\"elementor-post__meta-data\">\n\t\t\t\t\t<span class=\"elementor-post-date\">\n\t\t\tApril 3, 2026\t\t<\/span>\n\t\t\t\t<\/div>\n\t\t\t\t<div class=\"elementor-post__excerpt\">\n\t\t\t<p>At this Easter time, we would like to thank all our partners, clients and associates for their trust and successful cooperation. May Easter bring new opportunities, growth and success \u2013<\/p>\n\t\t<\/div>\n\t\t\t\t\t<a class=\"elementor-post__read-more\" href=\"https:\/\/navbiz.hr\/en\/navbiz_novosti\/sretan-uskrs-3\/\" >\n\t\t\t\tRead more\t\t\t<\/a>\n\t\t\t\t<\/div>\n\t\t\t\t<\/article>\n\t\t\t\t<article class=\"elementor-post elementor-grid-item post-4381 navbiz_novosti type-navbiz_novosti status-publish has-post-thumbnail hentry\">\n\t\t\t\t<a class=\"elementor-post__thumbnail__link\" href=\"https:\/\/navbiz.hr\/en\/navbiz_novosti\/punjenje-baterija-nakon-velikih-projekata\/\" >\n\t\t\t<div class=\"elementor-post__thumbnail\"><img width=\"225\" height=\"300\" src=\"https:\/\/navbiz.hr\/wp-content\/uploads\/2026\/03\/IMG-20260323-WA0011-225x300.jpg\" class=\"attachment-medium size-medium\" alt=\"\" loading=\"lazy\" \/><\/div>\n\t\t<\/a>\n\t\t\t\t<div class=\"elementor-post__text\">\n\t\t\t\t<h3 class=\"elementor-post__title\">\n\t\t\t<a href=\"https:\/\/navbiz.hr\/en\/navbiz_novosti\/punjenje-baterija-nakon-velikih-projekata\/\" >\n\t\t\t\tRecharging batteries after big projects!\t\t\t<\/a>\n\t\t<\/h3>\n\t\t\t\t<div class=\"elementor-post__meta-data\">\n\t\t\t\t\t<span class=\"elementor-post-date\">\n\t\t\tMarch 24, 2026\t\t<\/span>\n\t\t\t\t<\/div>\n\t\t\t\t<div class=\"elementor-post__excerpt\">\n\t\t\t<p>After a dynamic period filled with demanding projects (Fiscalization2.0 in Croatia, e-Delivery Orders in Serbia, and a series of implementations released into production at the beginning of the year), in March we set off<\/p>\n\t\t<\/div>\n\t\t\t\t\t<a class=\"elementor-post__read-more\" href=\"https:\/\/navbiz.hr\/en\/navbiz_novosti\/punjenje-baterija-nakon-velikih-projekata\/\" >\n\t\t\t\tRead more\t\t\t<\/a>\n\t\t\t\t<\/div>\n\t\t\t\t<\/article>\n\t\t\t\t<\/div>\n\n\n\t\t\n\t\t\t\t<div class=\"e-load-more-anchor\" data-page=\"1\" data-max-page=\"18\" data-next-page=\"https:\/\/navbiz.hr\/en\/wp-json\/wp\/v2\/pages\/31\/page\/2\/\"><\/div>\n\t\t\t\t<nav class=\"elementor-pagination\" role=\"navigation\" aria-label=\"Pagination\">\n\t\t\t<span aria-current=\"page\" class=\"page-numbers current\"><span class=\"elementor-screen-only\">Page<\/span>1<\/span>\n<a class=\"page-numbers\" href=\"https:\/\/navbiz.hr\/en\/wp-json\/wp\/v2\/pages\/31\/page\/2\/\"><span class=\"elementor-screen-only\">Page<\/span>2<\/a>\n<a class=\"page-numbers\" href=\"https:\/\/navbiz.hr\/en\/wp-json\/wp\/v2\/pages\/31\/page\/3\/\"><span class=\"elementor-screen-only\">Page<\/span>3<\/a>\n<a class=\"page-numbers\" href=\"https:\/\/navbiz.hr\/en\/wp-json\/wp\/v2\/pages\/31\/page\/4\/\"><span class=\"elementor-screen-only\">Page<\/span>4<\/a>\n<a class=\"page-numbers\" href=\"https:\/\/navbiz.hr\/en\/wp-json\/wp\/v2\/pages\/31\/page\/5\/\"><span class=\"elementor-screen-only\">Page<\/span>5<\/a>\n<a class=\"page-numbers\" href=\"https:\/\/navbiz.hr\/en\/wp-json\/wp\/v2\/pages\/31\/page\/6\/\"><span class=\"elementor-screen-only\">Page<\/span>6<\/a>\n<a class=\"page-numbers\" href=\"https:\/\/navbiz.hr\/en\/wp-json\/wp\/v2\/pages\/31\/page\/7\/\"><span class=\"elementor-screen-only\">Page<\/span>7<\/a>\n<a class=\"page-numbers\" href=\"https:\/\/navbiz.hr\/en\/wp-json\/wp\/v2\/pages\/31\/page\/8\/\"><span class=\"elementor-screen-only\">Page<\/span>8<\/a>\n<a class=\"page-numbers\" href=\"https:\/\/navbiz.hr\/en\/wp-json\/wp\/v2\/pages\/31\/page\/9\/\"><span class=\"elementor-screen-only\">Page<\/span>9<\/a>\n<a class=\"page-numbers\" href=\"https:\/\/navbiz.hr\/en\/wp-json\/wp\/v2\/pages\/31\/page\/10\/\"><span class=\"elementor-screen-only\">Page<\/span>10<\/a>\n<a class=\"page-numbers\" href=\"https:\/\/navbiz.hr\/en\/wp-json\/wp\/v2\/pages\/31\/page\/11\/\"><span class=\"elementor-screen-only\">Page<\/span>11<\/a>\n<a class=\"page-numbers\" href=\"https:\/\/navbiz.hr\/en\/wp-json\/wp\/v2\/pages\/31\/page\/12\/\"><span class=\"elementor-screen-only\">Page<\/span>12<\/a>\n<a class=\"page-numbers\" href=\"https:\/\/navbiz.hr\/en\/wp-json\/wp\/v2\/pages\/31\/page\/13\/\"><span class=\"elementor-screen-only\">Page<\/span>13<\/a>\n<a class=\"page-numbers\" href=\"https:\/\/navbiz.hr\/en\/wp-json\/wp\/v2\/pages\/31\/page\/14\/\"><span class=\"elementor-screen-only\">Page<\/span>14<\/a>\n<a class=\"page-numbers\" href=\"https:\/\/navbiz.hr\/en\/wp-json\/wp\/v2\/pages\/31\/page\/15\/\"><span class=\"elementor-screen-only\">Page<\/span>15<\/a>\n<a class=\"page-numbers\" href=\"https:\/\/navbiz.hr\/en\/wp-json\/wp\/v2\/pages\/31\/page\/16\/\"><span class=\"elementor-screen-only\">Page<\/span>16<\/a>\n<a class=\"page-numbers\" href=\"https:\/\/navbiz.hr\/en\/wp-json\/wp\/v2\/pages\/31\/page\/17\/\"><span class=\"elementor-screen-only\">Page<\/span>17<\/a>\n<a class=\"page-numbers\" href=\"https:\/\/navbiz.hr\/en\/wp-json\/wp\/v2\/pages\/31\/page\/18\/\"><span class=\"elementor-screen-only\">Page<\/span>18<\/a>\t\t<\/nav>\n\t\t\t\t<\/div>\n\t\t\t\t<\/div>\n\t\t\t\t\t<\/div>\n\t\t<\/div>\n\t\t\t\t\t\t\t<\/div>\n\t\t<\/section>\n\t\t\t\t\t\t<\/div>\n\t\t\t\t\t<\/div>","protected":false},"excerpt":{"rendered":"<p>Latest Stay informed about the latest news, updates and technological innovations that can improve your business. All news...<\/p>","protected":false},"author":1,"featured_media":0,"parent":0,"menu_order":0,"comment_status":"closed","ping_status":"closed","template":"","meta":{"inline_featured_image":false},"acf":[],"yoast_head":"<!-- This site is optimized with the Yoast SEO plugin v18.4.1 - https:\/\/yoast.com\/wordpress\/plugins\/seo\/ -->\n<title>Novosti - Navbiz d.o.o.<\/title>\n<meta name=\"robots\" content=\"index, follow, max-snippet:-1, max-image-preview:large, max-video-preview:-1\" \/>\n<link rel=\"canonical\" href=\"https:\/\/navbiz.hr\/en\/novosti\/\" \/>\n<meta property=\"og:locale\" content=\"en_US\" \/>\n<meta property=\"og:type\" content=\"article\" \/>\n<meta property=\"og:title\" content=\"Novosti - Navbiz d.o.o.\" \/>\n<meta property=\"og:description\" content=\"Najnovije Budite informirani o najnovijim vijestima, a\u017euriranjima i tehnolo\u0161kim inovacijama koje mogu unaprijediti va\u0161e poslovanje. Sve novosti&#8230;\" \/>\n<meta property=\"og:url\" content=\"https:\/\/navbiz.hr\/en\/novosti\/\" \/>\n<meta property=\"og:site_name\" content=\"Navbiz d.o.o.\" \/>\n<meta property=\"article:modified_time\" content=\"2024-01-11T14:14:48+00:00\" \/>\n<meta name=\"twitter:card\" content=\"summary_large_image\" \/>\n<meta name=\"twitter:label1\" content=\"Est. reading time\" \/>\n\t<meta name=\"twitter:data1\" content=\"3 minutes\" \/>\n<script type=\"application\/ld+json\" class=\"yoast-schema-graph\">{\"@context\":\"https:\/\/schema.org\",\"@graph\":[{\"@type\":\"WebSite\",\"@id\":\"https:\/\/navbiz.hr\/#website\",\"url\":\"https:\/\/navbiz.hr\/\",\"name\":\"Navbiz d.o.o.\",\"description\":\"Navbiz d.o.o.\",\"potentialAction\":[{\"@type\":\"SearchAction\",\"target\":{\"@type\":\"EntryPoint\",\"urlTemplate\":\"https:\/\/navbiz.hr\/?s={search_term_string}\"},\"query-input\":\"required name=search_term_string\"}],\"inLanguage\":\"en-US\"},{\"@type\":\"WebPage\",\"@id\":\"https:\/\/navbiz.hr\/novosti\/#webpage\",\"url\":\"https:\/\/navbiz.hr\/novosti\/\",\"name\":\"Novosti - Navbiz d.o.o.\",\"isPartOf\":{\"@id\":\"https:\/\/navbiz.hr\/#website\"},\"datePublished\":\"2022-02-21T10:20:16+00:00\",\"dateModified\":\"2024-01-11T14:14:48+00:00\",\"breadcrumb\":{\"@id\":\"https:\/\/navbiz.hr\/novosti\/#breadcrumb\"},\"inLanguage\":\"en-US\",\"potentialAction\":[{\"@type\":\"ReadAction\",\"target\":[\"https:\/\/navbiz.hr\/novosti\/\"]}]},{\"@type\":\"BreadcrumbList\",\"@id\":\"https:\/\/navbiz.hr\/novosti\/#breadcrumb\",\"itemListElement\":[{\"@type\":\"ListItem\",\"position\":1,\"name\":\"Home\",\"item\":\"https:\/\/navbiz.hr\/\"},{\"@type\":\"ListItem\",\"position\":2,\"name\":\"Novosti\"}]}]}<\/script>\n<!-- \/ Yoast SEO plugin. -->","yoast_head_json":{"title":"Novosti - Navbiz d.o.o.","robots":{"index":"index","follow":"follow","max-snippet":"max-snippet:-1","max-image-preview":"max-image-preview:large","max-video-preview":"max-video-preview:-1"},"canonical":"https:\/\/navbiz.hr\/en\/novosti\/","og_locale":"en_US","og_type":"article","og_title":"Novosti - Navbiz d.o.o.","og_description":"Najnovije Budite informirani o najnovijim vijestima, a\u017euriranjima i tehnolo\u0161kim inovacijama koje mogu unaprijediti va\u0161e poslovanje. Sve novosti&#8230;","og_url":"https:\/\/navbiz.hr\/en\/novosti\/","og_site_name":"Navbiz d.o.o.","article_modified_time":"2024-01-11T14:14:48+00:00","twitter_card":"summary_large_image","twitter_misc":{"Est. reading time":"3 minutes"},"schema":{"@context":"https:\/\/schema.org","@graph":[{"@type":"WebSite","@id":"https:\/\/navbiz.hr\/#website","url":"https:\/\/navbiz.hr\/","name":"Navbiz d.o.o.","description":"Navbiz d.o.o.","potentialAction":[{"@type":"SearchAction","target":{"@type":"EntryPoint","urlTemplate":"https:\/\/navbiz.hr\/?s={search_term_string}"},"query-input":"required name=search_term_string"}],"inLanguage":"en-US"},{"@type":"WebPage","@id":"https:\/\/navbiz.hr\/novosti\/#webpage","url":"https:\/\/navbiz.hr\/novosti\/","name":"Novosti - Navbiz d.o.o.","isPartOf":{"@id":"https:\/\/navbiz.hr\/#website"},"datePublished":"2022-02-21T10:20:16+00:00","dateModified":"2024-01-11T14:14:48+00:00","breadcrumb":{"@id":"https:\/\/navbiz.hr\/novosti\/#breadcrumb"},"inLanguage":"en-US","potentialAction":[{"@type":"ReadAction","target":["https:\/\/navbiz.hr\/novosti\/"]}]},{"@type":"BreadcrumbList","@id":"https:\/\/navbiz.hr\/novosti\/#breadcrumb","itemListElement":[{"@type":"ListItem","position":1,"name":"Home","item":"https:\/\/navbiz.hr\/"},{"@type":"ListItem","position":2,"name":"Novosti"}]}]}},"_links":{"self":[{"href":"https:\/\/navbiz.hr\/en\/wp-json\/wp\/v2\/pages\/31"}],"collection":[{"href":"https:\/\/navbiz.hr\/en\/wp-json\/wp\/v2\/pages"}],"about":[{"href":"https:\/\/navbiz.hr\/en\/wp-json\/wp\/v2\/types\/page"}],"author":[{"embeddable":true,"href":"https:\/\/navbiz.hr\/en\/wp-json\/wp\/v2\/users\/1"}],"replies":[{"embeddable":true,"href":"https:\/\/navbiz.hr\/en\/wp-json\/wp\/v2\/comments?post=31"}],"version-history":[{"count":85,"href":"https:\/\/navbiz.hr\/en\/wp-json\/wp\/v2\/pages\/31\/revisions"}],"predecessor-version":[{"id":4175,"href":"https:\/\/navbiz.hr\/en\/wp-json\/wp\/v2\/pages\/31\/revisions\/4175"}],"wp:attachment":[{"href":"https:\/\/navbiz.hr\/en\/wp-json\/wp\/v2\/media?parent=31"}],"curies":[{"name":"wp","href":"https:\/\/api.w.org\/{rel}","templated":true}]}}