{"id":3310,"date":"2022-05-10T13:49:10","date_gmt":"2022-05-10T13:49:10","guid":{"rendered":"https:\/\/navbiz.hr\/?page_id=3310"},"modified":"2022-05-10T13:53:53","modified_gmt":"2022-05-10T13:53:53","slug":"politika-obrade-i-zastite-osobnih-podataka","status":"publish","type":"page","link":"https:\/\/navbiz.hr\/en\/politika-obrade-i-zastite-osobnih-podataka\/","title":{"rendered":"Personal data processing and protection policy"},"content":{"rendered":"<div data-elementor-type=\"wp-page\" data-elementor-id=\"3310\" class=\"elementor elementor-3310\" data-elementor-settings=\"[]\">\n\t\t\t\t\t\t\t<div class=\"elementor-section-wrap\">\n\t\t\t\t\t\t\t<section class=\"elementor-section elementor-top-section elementor-element elementor-element-3f1c2b4 elementor-section-boxed elementor-section-height-default elementor-section-height-default\" data-id=\"3f1c2b4\" data-element_type=\"section\">\n\t\t\t\t\t\t<div class=\"elementor-container elementor-column-gap-default\">\n\t\t\t\t\t<div class=\"elementor-column elementor-col-100 elementor-top-column elementor-element elementor-element-08fc66b\" data-id=\"08fc66b\" data-element_type=\"column\">\n\t\t\t<div class=\"elementor-widget-wrap elementor-element-populated\">\n\t\t\t\t\t\t\t\t<div class=\"elementor-element elementor-element-3beb27e elementor-widget elementor-widget-text-editor\" data-id=\"3beb27e\" data-element_type=\"widget\" data-widget_type=\"text-editor.default\">\n\t\t\t\t<div class=\"elementor-widget-container\">\n\t\t\t<style>\/*! elementor - v3.5.5 - 03-02-2022 *\/\n.elementor-widget-text-editor.elementor-drop-cap-view-stacked .elementor-drop-cap{background-color:#818a91;color:#fff}.elementor-widget-text-editor.elementor-drop-cap-view-framed .elementor-drop-cap{color:#818a91;border:3px solid;background-color:transparent}.elementor-widget-text-editor:not(.elementor-drop-cap-view-default) .elementor-drop-cap{margin-top:8px}.elementor-widget-text-editor:not(.elementor-drop-cap-view-default) .elementor-drop-cap-letter{width:1em;height:1em}.elementor-widget-text-editor .elementor-drop-cap{float:left;text-align:center;line-height:1;font-size:50px}.elementor-widget-text-editor .elementor-drop-cap-letter{display:inline-block}<\/style>\t\t\t\t<h2>Personal data processing and protection policy<\/h2><p><strong>Your personal data is processed responsibly, respecting your privacy and in accordance with applicable laws and regulations for the protection of personal data.<\/strong><\/p><p>Data is collected during the use of the website and during your business cooperation with NavBiz. The personal data protection policy applies to all areas of NavBiz business.<\/p><p>Personal data is collected for the performance of contractual and legal obligations, business improvement and for the purposes of informing clients about advisory services, forum work, new educations and news and tenders in the field of public procurement. During your visit to the website, forum, attending training or specific business cooperation, the following data is collected: name and surname, date of birth, contact information, IP address during the visit to the website.<\/p><p>Data is kept in a form and content that can identify you for no longer than is necessary for the purpose for which it was collected. After this time, the data is deleted and becomes unavailable. Your personal data is kept safe and protected the entire time it is stored in NavBiz. The personal data you provided for business purposes are used exclusively for business purposes.<\/p><p>You can freely request information about your personal data that is stored in NavBiz, the source of the data, and the purpose of storage. It is also possible to correct, block or delete your data in accordance with legal provisions.<\/p>\t\t\t\t\t\t<\/div>\n\t\t\t\t<\/div>\n\t\t\t\t\t<\/div>\n\t\t<\/div>\n\t\t\t\t\t\t\t<\/div>\n\t\t<\/section>\n\t\t\t\t\t\t<\/div>\n\t\t\t\t\t<\/div>","protected":false},"excerpt":{"rendered":"<p>Personal data processing and protection policy Your personal data is processed responsibly, respecting your privacy and in accordance with applicable laws and regulations for the protection of personal data. Data is collected during the use of the website and during your business cooperation with NavBiz. The personal data protection policy applies to all areas of NavBiz&#039;s business. Personal [\u2026]<\/p>","protected":false},"author":1,"featured_media":0,"parent":0,"menu_order":0,"comment_status":"closed","ping_status":"closed","template":"","meta":{"inline_featured_image":false},"acf":[],"yoast_head":"<!-- This site is optimized with the Yoast SEO plugin v18.4.1 - https:\/\/yoast.com\/wordpress\/plugins\/seo\/ -->\n<title>Politika obrade i za\u0161tite osobnih podataka - Navbiz d.o.o.<\/title>\n<meta name=\"robots\" content=\"index, follow, max-snippet:-1, max-image-preview:large, max-video-preview:-1\" \/>\n<link rel=\"canonical\" href=\"https:\/\/navbiz.hr\/en\/politika-obrade-i-zastite-osobnih-podataka\/\" \/>\n<meta property=\"og:locale\" content=\"en_US\" \/>\n<meta property=\"og:type\" content=\"article\" \/>\n<meta property=\"og:title\" content=\"Politika obrade i za\u0161tite osobnih podataka - Navbiz d.o.o.\" \/>\n<meta property=\"og:description\" content=\"Politika obrade i za\u0161tite osobnih podataka Va\u0161i osobni podaci se obra\u0111uju odgovorno, po\u0161tuju\u0107i Va\u0161u privatnost te u skladu s va\u017ee\u0107im zakonima i uredbama za za\u0161titu osobnih podataka. Podaci se prikupljaju za vrijeme kori\u0161tenja internet stranice te za vrijeme Va\u0161e poslovne suradnje s NavBizom. Politika za\u0161tite osobnih podataka primjenjuje se na sva podru\u010dja poslovanja NavBiza. Osobni [&hellip;]\" \/>\n<meta property=\"og:url\" content=\"https:\/\/navbiz.hr\/en\/politika-obrade-i-zastite-osobnih-podataka\/\" \/>\n<meta property=\"og:site_name\" content=\"Navbiz d.o.o.\" \/>\n<meta property=\"article:modified_time\" content=\"2022-05-10T13:53:53+00:00\" \/>\n<meta name=\"twitter:card\" content=\"summary_large_image\" \/>\n<meta name=\"twitter:label1\" content=\"Est. reading time\" \/>\n\t<meta name=\"twitter:data1\" content=\"1 minute\" \/>\n<script type=\"application\/ld+json\" class=\"yoast-schema-graph\">{\"@context\":\"https:\/\/schema.org\",\"@graph\":[{\"@type\":\"WebSite\",\"@id\":\"https:\/\/navbiz.hr\/#website\",\"url\":\"https:\/\/navbiz.hr\/\",\"name\":\"Navbiz d.o.o.\",\"description\":\"Navbiz d.o.o.\",\"potentialAction\":[{\"@type\":\"SearchAction\",\"target\":{\"@type\":\"EntryPoint\",\"urlTemplate\":\"https:\/\/navbiz.hr\/?s={search_term_string}\"},\"query-input\":\"required name=search_term_string\"}],\"inLanguage\":\"en-US\"},{\"@type\":\"WebPage\",\"@id\":\"https:\/\/navbiz.hr\/politika-obrade-i-zastite-osobnih-podataka\/#webpage\",\"url\":\"https:\/\/navbiz.hr\/politika-obrade-i-zastite-osobnih-podataka\/\",\"name\":\"Politika obrade i za\u0161tite osobnih podataka - Navbiz d.o.o.\",\"isPartOf\":{\"@id\":\"https:\/\/navbiz.hr\/#website\"},\"datePublished\":\"2022-05-10T13:49:10+00:00\",\"dateModified\":\"2022-05-10T13:53:53+00:00\",\"breadcrumb\":{\"@id\":\"https:\/\/navbiz.hr\/politika-obrade-i-zastite-osobnih-podataka\/#breadcrumb\"},\"inLanguage\":\"en-US\",\"potentialAction\":[{\"@type\":\"ReadAction\",\"target\":[\"https:\/\/navbiz.hr\/politika-obrade-i-zastite-osobnih-podataka\/\"]}]},{\"@type\":\"BreadcrumbList\",\"@id\":\"https:\/\/navbiz.hr\/politika-obrade-i-zastite-osobnih-podataka\/#breadcrumb\",\"itemListElement\":[{\"@type\":\"ListItem\",\"position\":1,\"name\":\"Home\",\"item\":\"https:\/\/navbiz.hr\/\"},{\"@type\":\"ListItem\",\"position\":2,\"name\":\"Politika obrade i za\u0161tite osobnih podataka\"}]}]}<\/script>\n<!-- \/ Yoast SEO plugin. -->","yoast_head_json":{"title":"Politika obrade i za\u0161tite osobnih podataka - Navbiz d.o.o.","robots":{"index":"index","follow":"follow","max-snippet":"max-snippet:-1","max-image-preview":"max-image-preview:large","max-video-preview":"max-video-preview:-1"},"canonical":"https:\/\/navbiz.hr\/en\/politika-obrade-i-zastite-osobnih-podataka\/","og_locale":"en_US","og_type":"article","og_title":"Politika obrade i za\u0161tite osobnih podataka - Navbiz d.o.o.","og_description":"Politika obrade i za\u0161tite osobnih podataka Va\u0161i osobni podaci se obra\u0111uju odgovorno, po\u0161tuju\u0107i Va\u0161u privatnost te u skladu s va\u017ee\u0107im zakonima i uredbama za za\u0161titu osobnih podataka. Podaci se prikupljaju za vrijeme kori\u0161tenja internet stranice te za vrijeme Va\u0161e poslovne suradnje s NavBizom. Politika za\u0161tite osobnih podataka primjenjuje se na sva podru\u010dja poslovanja NavBiza. Osobni [&hellip;]","og_url":"https:\/\/navbiz.hr\/en\/politika-obrade-i-zastite-osobnih-podataka\/","og_site_name":"Navbiz d.o.o.","article_modified_time":"2022-05-10T13:53:53+00:00","twitter_card":"summary_large_image","twitter_misc":{"Est. reading time":"1 minute"},"schema":{"@context":"https:\/\/schema.org","@graph":[{"@type":"WebSite","@id":"https:\/\/navbiz.hr\/#website","url":"https:\/\/navbiz.hr\/","name":"Navbiz d.o.o.","description":"Navbiz d.o.o.","potentialAction":[{"@type":"SearchAction","target":{"@type":"EntryPoint","urlTemplate":"https:\/\/navbiz.hr\/?s={search_term_string}"},"query-input":"required name=search_term_string"}],"inLanguage":"en-US"},{"@type":"WebPage","@id":"https:\/\/navbiz.hr\/politika-obrade-i-zastite-osobnih-podataka\/#webpage","url":"https:\/\/navbiz.hr\/politika-obrade-i-zastite-osobnih-podataka\/","name":"Politika obrade i za\u0161tite osobnih podataka - Navbiz d.o.o.","isPartOf":{"@id":"https:\/\/navbiz.hr\/#website"},"datePublished":"2022-05-10T13:49:10+00:00","dateModified":"2022-05-10T13:53:53+00:00","breadcrumb":{"@id":"https:\/\/navbiz.hr\/politika-obrade-i-zastite-osobnih-podataka\/#breadcrumb"},"inLanguage":"en-US","potentialAction":[{"@type":"ReadAction","target":["https:\/\/navbiz.hr\/politika-obrade-i-zastite-osobnih-podataka\/"]}]},{"@type":"BreadcrumbList","@id":"https:\/\/navbiz.hr\/politika-obrade-i-zastite-osobnih-podataka\/#breadcrumb","itemListElement":[{"@type":"ListItem","position":1,"name":"Home","item":"https:\/\/navbiz.hr\/"},{"@type":"ListItem","position":2,"name":"Politika obrade i za\u0161tite osobnih podataka"}]}]}},"_links":{"self":[{"href":"https:\/\/navbiz.hr\/en\/wp-json\/wp\/v2\/pages\/3310"}],"collection":[{"href":"https:\/\/navbiz.hr\/en\/wp-json\/wp\/v2\/pages"}],"about":[{"href":"https:\/\/navbiz.hr\/en\/wp-json\/wp\/v2\/types\/page"}],"author":[{"embeddable":true,"href":"https:\/\/navbiz.hr\/en\/wp-json\/wp\/v2\/users\/1"}],"replies":[{"embeddable":true,"href":"https:\/\/navbiz.hr\/en\/wp-json\/wp\/v2\/comments?post=3310"}],"version-history":[{"count":4,"href":"https:\/\/navbiz.hr\/en\/wp-json\/wp\/v2\/pages\/3310\/revisions"}],"predecessor-version":[{"id":3315,"href":"https:\/\/navbiz.hr\/en\/wp-json\/wp\/v2\/pages\/3310\/revisions\/3315"}],"wp:attachment":[{"href":"https:\/\/navbiz.hr\/en\/wp-json\/wp\/v2\/media?parent=3310"}],"curies":[{"name":"wp","href":"https:\/\/api.w.org\/{rel}","templated":true}]}}